{"id":17142,"date":"2023-05-23T18:05:09","date_gmt":"2023-05-23T16:05:09","guid":{"rendered":"https:\/\/www.red-on-line.com\/?page_id=17142"},"modified":"2023-09-25T22:53:31","modified_gmt":"2023-09-25T20:53:31","slug":"gutwinski-red-on-line","status":"publish","type":"page","link":"https:\/\/www.red-on-line.com\/de\/gutwinski-red-on-line\/","title":{"rendered":"Gutwinski und Red-on-line"},"content":{"rendered":"<div  class=\"strate alignfull\" style=\" background-position: 50% 50%;\"><div class=\"centrage\">\n<div class=\"chapeau\"><div class=\"chapeau__cont-content\">\n<div class=\"container chapeau__cont-header\">\n\n<h1 class=\"chapeau__heading-first\">EINE 20-J\u00c4HRIGE GESCHICHTE<\/h1>\n\n\n<span class=\"separator separator--left separator--gradient separator--md\"><\/span>\n\n\n<h2 class=\"chapeau__heading-second\">Gutwinski und Red-on-line b\u00fcndeln Kr\u00e4fte<\/h2>\n\n\n\n<p>Die Wurzeln von Gutwinski gehen auf das Jahr 1991 zur\u00fcck: Dr. Thomas Gutwinski und Mag. Marianne Gutwinski gr\u00fcnden die Gutwinski Management GmbH. Kurz darauf startet die Beratung zum Aufbau von mehr als 350 Qualit\u00e4ts-, Umwelt-, Energie- und Arbeitsschutzmanagementsystemen. Heute ist Gutwinski ein Teil von Red-on-line. Erfahren Sie mehr \u00fcber den Zusammenschluss der beiden Unternehmen.<\/p>\n\n<\/div>\n\n\n<\/div><\/div>\n<\/div><\/div>\n\n<div  class=\"strate alignfull\" style=\" background-position: 50% 50%;\"><div class=\"centrage\">\n<section class=\"media-text has-box-shadow   media-text--img-30  media-text--content-align-vertical-middle media-text--media-align-vertical-middle  media-text--img-right media-text--img-contain \" ><div class=\"centrage media-text__layout\"><figure class=\"media-text__media has-box-shadow\"><img loading=\"lazy\" src=\"https:\/\/www.red-on-line.com\/app\/uploads\/sites\/2\/2023\/08\/Lukas-1-5.png\" width=\"1000\" height=\"1000\" alt=\"\" \/><\/figure><div class=\"media-text__content\">\n<div class=\"block-quote  has-text-align-left\"><figure><blockquote class=\"block-quote__cont-citation\"><svg aria-hidden=\"true\" viewBox=\"0 0 16 16\" class=\"iconrol block-quote__icon-open\"><use class=\"iconrol__unique\" href=\"#iconrol1-quote-open\"><\/use><\/svg><p class=\"block-quote__citation\">Profitieren Sie von der internationalen Pr\u00e4senz von Red-on-line und dem lokalen Fachwissen bei Gutwinski.<\/p><svg aria-hidden=\"true\" viewBox=\"0 0 16 16\" class=\"iconrol block-quote__icon-close\"><use class=\"iconrol__unique\" href=\"#iconrol1-quote-close\"><\/use><\/svg><\/blockquote><figcaption class=\"block-quote__caption\"><cite class=\"block-quote__name\">Lukas Gutwinski<\/cite><p class=\"block-quote__infos-sup\"><span class=\"block-quote__function\">Gesch\u00e4ftsf\u00fchrung Gutwinski, jetzt von Red-on-line DACH<\/span><\/p><\/figcaption><\/figure><\/div>\n<\/div><\/div><\/section>\n\n\n<\/div><\/div>\n\n<div  class=\"strate alignfull\" style=\" background-position: 50% 50%;\"><div class=\"centrage\">\n\n<p><\/p>\n\n\n\n<div class=\"has-1-columns wp-block-columns\">\n<div class=\" wp-block-column\"><div class=\"chapeau\"><div class=\"chapeau__cont-content\">\n<div class=\"container chapeau__cont-header\">\n\n<h1 class=\"chapeau__heading-first\"><\/h1>\n\n\n<span class=\"separator separator--left separator--gradient separator--md\"><\/span>\n\n\n<h2 class=\"chapeau__heading-second\">Internationale M\u00f6glichkeiten, Projekte in mehr als 85 L\u00e4ndern weltweit umzusetzen. <\/h2>\n\n<\/div>\n\n<div class=\"container chapeau__cont-middle\">\n\n<div class=\"has-1-columns wp-block-columns\">\n<div class=\" wp-block-column\">\n<h3>Unsere L\u00f6sung ist in 17 Sprachen verf\u00fcgbar<\/h3>\n\n\n\n<p>Red-on-line hat seit Langem das fundierte Fachwissen und die hohe Dienstleistungsqualit\u00e4t von Gutwinski gesch\u00e4tzt. Unsere Ansprechpartner f\u00fcr Kunden in \u00d6sterreich und Deutschland garantieren weiterhin bestm\u00f6glichen Service und Fokus auf die erfolgreiche Umsetzung von Projekten sowie die Erstellung und Aktualisierung von Rechtsinhalten.<\/p>\n\n\n\n<p>Das \u00f6sterreichische Unternehmen, das namhafte Kunden wie BMW, E.ON, OMV und Schneider Electric betreut, wird nun von der Expertise von Red-on-line profitieren. Seit 1999 hat Red-on-line eine f\u00fchrende Position im Bereich EHS-Software erreicht. Die selbst entwickelte Plattform All-in-One umfasst Funktionen wie rechtliche Compliance, Incident Management, Risikomanagement, Nachhaltigkeitsberichte und eine Vielzahl weiterer digitaler EHS-Dienste.<\/p>\n<\/div>\n<\/div>\n\n<\/div>\n<\/div><\/div><\/div>\n<\/div>\n\n\n\n<p><\/p>\n\n\n\n<div style=\"height:100px\" aria-hidden=\"true\" class=\"wp-block-spacer\"><\/div>\n\n\n<div class=\"bttn-align-center\"><a href=\"https:\/\/www.red-on-line.com\/de\/loesungen\/\" target=\"_self\" class=\"bttn  bttn--md\"><span class=\"bttn__cont-label-icon\"><span class=\"bttn__label\">Erfahren Sie mehr \u00fcber die L\u00f6sungen von Red-on-line<\/span><\/span><\/a><\/div>\n<\/div><\/div>\n\n<div  class=\"strate alignfull\" style=\" background-position: 50% 50%;\"><div class=\"centrage\">\n<div  class=\"strate alignfull\" style=\" background-position: 50% 50%;\"><div class=\"centrage\">\n<div  class=\"strate has-background has-color-8-background-color has-background-color-opacity-100 strate-expand-bpxsmall\" style=\" background-position: 50% 50%;\"><div class=\"centrage\">\n\n<h4 class=\"has-text-align-center\">Red-on-line in Zahlen<\/h4>\n\n\n<div id=\"\" class=\"list-items list-items--dots has-4-columns\">\n<div class=\"list-items__item\">\n<div class=\"keys-figures\"><p class=\"typo-h2 keys-figures__chiffre has-color-4-color has-text-align-center\">5 000+<\/p><div class=\"\"><\/div><p class=\"typo-caption-cap keys-figures__content has-color-6-color has-text-align-center\">Kundenunternehmen<\/p><\/div>\n<\/div>\n\n<div class=\"list-items__item\">\n<div class=\"keys-figures\"><p class=\"typo-h2 keys-figures__chiffre has-color-4-color has-text-align-center\">100+<\/p><div class=\"\"><\/div><p class=\"typo-caption-cap keys-figures__content has-color-6-color has-text-align-center\">L\u00c4NDER<\/p><\/div>\n<\/div>\n\n<div class=\"list-items__item\">\n<div class=\"keys-figures\"><p class=\"typo-h2 keys-figures__chiffre has-color-4-color has-text-align-center\">500+<\/p><div class=\"\"><\/div><p class=\"typo-caption-cap keys-figures__content has-color-6-color has-text-align-center\">abgedeckte Rechtsordnungen<\/p><\/div>\n<\/div>\n\n<div class=\"list-items__item\">\n<div class=\"keys-figures\"><p class=\"typo-h2 keys-figures__chiffre has-color-4-color has-text-align-center\">350+<\/p><div class=\"\"><\/div><p class=\"typo-caption-cap keys-figures__content has-color-6-color has-text-align-center\">EXPERTINNEN UND EXPERTEN<\/p><\/div>\n<\/div>\n<\/div>\n<\/div><\/div>\n<\/div><\/div>\n<\/div><\/div>\n\n<div  class=\"strate alignfull\" style=\" background-position: 50% 50%;\"><div class=\"centrage\">\n<div class=\"chapeau\"><div class=\"chapeau__cont-content\">\n<div class=\"container chapeau__cont-header\">\n\n<h1 class=\"chapeau__heading-first\">ERFOLGSGESCHICHTEN UNSERER KUNDEN<\/h1>\n\n\n<span class=\"separator separator--left separator--gradient separator--md\"><\/span>\n\n\n<h2 class=\"chapeau__heading-second\">Eine leistungsstarke L\u00f6sung, angepasst an die individuellen Anforderungen des jeweiligen Unternehmens<\/h2>\n\n<\/div>\n\n\n<\/div><\/div>\n\n<div class=\"has-4-columns wp-block-columns wp-block-columns-shortcode\"><div class=\"wp-block-column\"><section class=\"card-simple  card-simple--equal-height is-lien-button\"><div class=\"card-simple__cont-infos\"><div itemscope itemtype=\"https:\/\/schema.org\/ImageObject\" class=\"card-simple__cont-img card-simple__cont-img--\" style=\"background-image: url(https:\/\/www.red-on-line.com\/app\/uploads\/sites\/2\/2025\/06\/Parfex-case-study.png)\"><meta itemprop=\"contentUrl\" content=\"https:\/\/www.red-on-line.com\/app\/uploads\/sites\/2\/2025\/06\/Parfex-case-study.png\"\/><\/div><div class=\"card-simple__cont-content\"><h3 class=\"card-simple__titre typo-h4  \">HSE-Erfolgsgeschichte: 3 Zertifizierungen in 18 Monaten f\u00fcr Parfex<\/h3><div class=\"card-simple__content typo-body\"><p>Entdecken Sie, wie Parfex durch die Zusammenarbeit mit Red-on-line HSE-Exzellenz erreicht hat!<\/p><\/div><time class=\"card-simple__date\" datetime=\"2025-06-10T11:51:22+02:00\">Ver\u00f6ffentlicht am 10\/06\/2025<\/time><a class=\"card-simple__lien card-simple__lien--right has-bttn-style-lien\" href=\"https:\/\/www.youtube.com\/watch?v=9JYCVDnMVXM\" target=\"\"><span class=\"bttn bttn--icon bttn--md is-style-lien\"><span class=\"bttn__cont-label-icon\"><span class=\"bttn__label\">Mehr erfahren<\/span><svg aria-hidden=\"true\" class=\"iconrol\" viewBox=\"0 0 16 16\"><use href=\"#icon-fleche-droite\" class=\"iconrol__unique\"><\/use><\/svg><\/span><\/span><\/a><\/div><\/div><\/section><\/div><div class=\"wp-block-column\"><section class=\"card-simple  card-simple--equal-height is-lien-button\"><div class=\"card-simple__cont-infos\"><div itemscope itemtype=\"https:\/\/schema.org\/ImageObject\" class=\"card-simple__cont-img card-simple__cont-img--\" style=\"background-image: url(https:\/\/www.red-on-line.com\/app\/uploads\/sites\/2\/2025\/02\/Case-study_Legrand_DE.png-1200x1800.jpg)\"><meta itemprop=\"contentUrl\" content=\"https:\/\/www.red-on-line.com\/app\/uploads\/sites\/2\/2025\/02\/Case-study_Legrand_DE.png-1200x1800.jpg\"\/><\/div><div class=\"card-simple__cont-content\"><h3 class=\"card-simple__titre typo-h4  \">Legrand: Effiziente Compliance-Steuerung mit Red-on-Line f\u00fcr mehr Sicherheit und Transparenz<\/h3><div class=\"card-simple__content typo-body\"><p>Legrand optimiert mit Red-on-Line die regulatorische Compliance f\u00fcr seine 28 Industriestandorte. Dank einer zentralisierten L\u00f6sung konnte das Unternehmen Transparenz, Effizienz&hellip;<\/p><\/div><time class=\"card-simple__date\" datetime=\"2025-02-19T18:55:42+01:00\">Ver\u00f6ffentlicht am 19\/02\/2025<\/time><a class=\"card-simple__lien card-simple__lien--right has-bttn-style-lien\" href=\"https:\/\/lp.red-on-line.com\/de\/de\/de\/de\/case-study-legrand-3-0?utm_source=website&amp;utm_medium=seo&amp;utm_product=legal_compliance&amp;utm_content=case_study&amp;utm_campaign=website-case-study-legrand-de\" target=\"_blank\"><span class=\"bttn bttn--icon bttn--md is-style-lien\"><span class=\"bttn__cont-label-icon\"><span class=\"bttn__label\">Mehr erfahren<\/span><svg aria-hidden=\"true\" class=\"iconrol\" viewBox=\"0 0 16 16\"><use href=\"#icon-fleche-droite\" class=\"iconrol__unique\"><\/use><\/svg><\/span><\/span><\/a><\/div><\/div><\/section><\/div><div class=\"wp-block-column wp-block-column--empty\"><\/div><div class=\"wp-block-column wp-block-column--empty\"><\/div><\/div>\n<\/div><\/div>\n\n\n<p><\/p>\n","protected":false},"excerpt":{"rendered":"","protected":false},"author":22,"featured_media":17780,"parent":0,"menu_order":0,"comment_status":"closed","ping_status":"closed","template":"","meta":[],"yoast_head":"<!-- This site is optimized with the Yoast SEO plugin v19.0 - https:\/\/yoast.com\/wordpress\/plugins\/seo\/ -->\n<title>Gutwinski und Red-on-line - Red-on-line<\/title>\n<meta name=\"description\" content=\"News: Zwei Unternehmen aus der EHS-Branche haben beschlossen, ihre Pr\u00e4senz auf dem europ\u00e4ischen Markt zu verst\u00e4rken.\" \/>\n<meta name=\"robots\" content=\"index, follow, max-snippet:-1, max-image-preview:large, max-video-preview:-1\" \/>\n<link rel=\"canonical\" href=\"https:\/\/www.red-on-line.com\/de\/gutwinski-red-on-line\/\" \/>\n<meta property=\"og:locale\" content=\"de_DE\" \/>\n<meta property=\"og:type\" content=\"article\" \/>\n<meta property=\"og:title\" content=\"Gutwinski und Red-on-line - Red-on-line\" \/>\n<meta property=\"og:description\" content=\"News: Zwei Unternehmen aus der EHS-Branche haben beschlossen, ihre Pr\u00e4senz auf dem europ\u00e4ischen Markt zu verst\u00e4rken.\" \/>\n<meta property=\"og:url\" content=\"https:\/\/www.red-on-line.com\/de\/gutwinski-red-on-line\/\" \/>\n<meta property=\"og:site_name\" content=\"Red On line (COM)\" \/>\n<meta property=\"article:modified_time\" content=\"2023-09-25T20:53:31+00:00\" \/>\n<meta property=\"og:image\" content=\"https:\/\/www.red-on-line.com\/app\/uploads\/sites\/2\/2023\/08\/workers-1.png\" \/>\n\t<meta property=\"og:image:width\" content=\"1000\" \/>\n\t<meta property=\"og:image:height\" content=\"1000\" \/>\n\t<meta property=\"og:image:type\" content=\"image\/png\" \/>\n<meta name=\"twitter:card\" content=\"summary_large_image\" \/>\n<meta name=\"twitter:label1\" content=\"Gesch\u00e4tzte Lesezeit\" \/>\n\t<meta name=\"twitter:data1\" content=\"1 Minute\" \/>\n<script type=\"application\/ld+json\" class=\"yoast-schema-graph\">{\"@context\":\"https:\/\/schema.org\",\"@graph\":[{\"@type\":\"WebSite\",\"@id\":\"https:\/\/www.red-on-line.com\/#website\",\"url\":\"https:\/\/www.red-on-line.com\/\",\"name\":\"Red On line (COM)\",\"description\":\"Un site utilisant Les sites de Red On Line\",\"potentialAction\":[{\"@type\":\"SearchAction\",\"target\":{\"@type\":\"EntryPoint\",\"urlTemplate\":\"https:\/\/www.red-on-line.com\/?s={search_term_string}\"},\"query-input\":\"required name=search_term_string\"}],\"inLanguage\":\"de-DE\"},{\"@type\":\"ImageObject\",\"inLanguage\":\"de-DE\",\"@id\":\"https:\/\/www.red-on-line.com\/de\/gutwinski-red-on-line\/#primaryimage\",\"url\":\"https:\/\/www.red-on-line.com\/app\/uploads\/sites\/2\/2023\/08\/workers-1.png\",\"contentUrl\":\"https:\/\/www.red-on-line.com\/app\/uploads\/sites\/2\/2023\/08\/workers-1.png\",\"width\":1000,\"height\":1000},{\"@type\":\"WebPage\",\"@id\":\"https:\/\/www.red-on-line.com\/de\/gutwinski-red-on-line\/#webpage\",\"url\":\"https:\/\/www.red-on-line.com\/de\/gutwinski-red-on-line\/\",\"name\":\"Gutwinski und Red-on-line - Red-on-line\",\"isPartOf\":{\"@id\":\"https:\/\/www.red-on-line.com\/#website\"},\"primaryImageOfPage\":{\"@id\":\"https:\/\/www.red-on-line.com\/de\/gutwinski-red-on-line\/#primaryimage\"},\"datePublished\":\"2023-05-23T16:05:09+00:00\",\"dateModified\":\"2023-09-25T20:53:31+00:00\",\"description\":\"News: Zwei Unternehmen aus der EHS-Branche haben beschlossen, ihre Pr\u00e4senz auf dem europ\u00e4ischen Markt zu verst\u00e4rken.\",\"breadcrumb\":{\"@id\":\"https:\/\/www.red-on-line.com\/de\/gutwinski-red-on-line\/#breadcrumb\"},\"inLanguage\":\"de-DE\",\"potentialAction\":[{\"@type\":\"ReadAction\",\"target\":[\"https:\/\/www.red-on-line.com\/de\/gutwinski-red-on-line\/\"]}]},{\"@type\":\"BreadcrumbList\",\"@id\":\"https:\/\/www.red-on-line.com\/de\/gutwinski-red-on-line\/#breadcrumb\",\"itemListElement\":[{\"@type\":\"ListItem\",\"position\":1,\"name\":\"Home\",\"item\":\"https:\/\/www.red-on-line.com\/de\/\"},{\"@type\":\"ListItem\",\"position\":2,\"name\":\"Gutwinski und Red-on-line\"}]}]}<\/script>\n<!-- \/ Yoast SEO plugin. -->","yoast_head_json":{"title":"Gutwinski und Red-on-line - Red-on-line","description":"News: Zwei Unternehmen aus der EHS-Branche haben beschlossen, ihre Pr\u00e4senz auf dem europ\u00e4ischen Markt zu verst\u00e4rken.","robots":{"index":"index","follow":"follow","max-snippet":"max-snippet:-1","max-image-preview":"max-image-preview:large","max-video-preview":"max-video-preview:-1"},"canonical":"https:\/\/www.red-on-line.com\/de\/gutwinski-red-on-line\/","og_locale":"de_DE","og_type":"article","og_title":"Gutwinski und Red-on-line - Red-on-line","og_description":"News: Zwei Unternehmen aus der EHS-Branche haben beschlossen, ihre Pr\u00e4senz auf dem europ\u00e4ischen Markt zu verst\u00e4rken.","og_url":"https:\/\/www.red-on-line.com\/de\/gutwinski-red-on-line\/","og_site_name":"Red On line (COM)","article_modified_time":"2023-09-25T20:53:31+00:00","og_image":[{"width":1000,"height":1000,"url":"https:\/\/www.red-on-line.com\/app\/uploads\/sites\/2\/2023\/08\/workers-1.png","type":"image\/png"}],"twitter_card":"summary_large_image","twitter_misc":{"Gesch\u00e4tzte Lesezeit":"1 Minute"},"schema":{"@context":"https:\/\/schema.org","@graph":[{"@type":"WebSite","@id":"https:\/\/www.red-on-line.com\/#website","url":"https:\/\/www.red-on-line.com\/","name":"Red On line (COM)","description":"Un site utilisant Les sites de Red On Line","potentialAction":[{"@type":"SearchAction","target":{"@type":"EntryPoint","urlTemplate":"https:\/\/www.red-on-line.com\/?s={search_term_string}"},"query-input":"required name=search_term_string"}],"inLanguage":"de-DE"},{"@type":"ImageObject","inLanguage":"de-DE","@id":"https:\/\/www.red-on-line.com\/de\/gutwinski-red-on-line\/#primaryimage","url":"https:\/\/www.red-on-line.com\/app\/uploads\/sites\/2\/2023\/08\/workers-1.png","contentUrl":"https:\/\/www.red-on-line.com\/app\/uploads\/sites\/2\/2023\/08\/workers-1.png","width":1000,"height":1000},{"@type":"WebPage","@id":"https:\/\/www.red-on-line.com\/de\/gutwinski-red-on-line\/#webpage","url":"https:\/\/www.red-on-line.com\/de\/gutwinski-red-on-line\/","name":"Gutwinski und Red-on-line - Red-on-line","isPartOf":{"@id":"https:\/\/www.red-on-line.com\/#website"},"primaryImageOfPage":{"@id":"https:\/\/www.red-on-line.com\/de\/gutwinski-red-on-line\/#primaryimage"},"datePublished":"2023-05-23T16:05:09+00:00","dateModified":"2023-09-25T20:53:31+00:00","description":"News: Zwei Unternehmen aus der EHS-Branche haben beschlossen, ihre Pr\u00e4senz auf dem europ\u00e4ischen Markt zu verst\u00e4rken.","breadcrumb":{"@id":"https:\/\/www.red-on-line.com\/de\/gutwinski-red-on-line\/#breadcrumb"},"inLanguage":"de-DE","potentialAction":[{"@type":"ReadAction","target":["https:\/\/www.red-on-line.com\/de\/gutwinski-red-on-line\/"]}]},{"@type":"BreadcrumbList","@id":"https:\/\/www.red-on-line.com\/de\/gutwinski-red-on-line\/#breadcrumb","itemListElement":[{"@type":"ListItem","position":1,"name":"Home","item":"https:\/\/www.red-on-line.com\/de\/"},{"@type":"ListItem","position":2,"name":"Gutwinski und Red-on-line"}]}]}},"_links":{"self":[{"href":"https:\/\/www.red-on-line.com\/de\/wp-json\/wp\/v2\/pages\/17142"}],"collection":[{"href":"https:\/\/www.red-on-line.com\/de\/wp-json\/wp\/v2\/pages"}],"about":[{"href":"https:\/\/www.red-on-line.com\/de\/wp-json\/wp\/v2\/types\/page"}],"author":[{"embeddable":true,"href":"https:\/\/www.red-on-line.com\/de\/wp-json\/wp\/v2\/users\/22"}],"replies":[{"embeddable":true,"href":"https:\/\/www.red-on-line.com\/de\/wp-json\/wp\/v2\/comments?post=17142"}],"version-history":[{"count":31,"href":"https:\/\/www.red-on-line.com\/de\/wp-json\/wp\/v2\/pages\/17142\/revisions"}],"predecessor-version":[{"id":17810,"href":"https:\/\/www.red-on-line.com\/de\/wp-json\/wp\/v2\/pages\/17142\/revisions\/17810"}],"wp:featuredmedia":[{"embeddable":true,"href":"https:\/\/www.red-on-line.com\/de\/wp-json\/wp\/v2\/media\/17780"}],"wp:attachment":[{"href":"https:\/\/www.red-on-line.com\/de\/wp-json\/wp\/v2\/media?parent=17142"}],"curies":[{"name":"wp","href":"https:\/\/api.w.org\/{rel}","templated":true}]}}