{"id":15952,"date":"2022-09-19T16:37:44","date_gmt":"2022-09-19T14:37:44","guid":{"rendered":"https:\/\/www.red-on-line.com\/?page_id=15952"},"modified":"2025-05-19T13:51:32","modified_gmt":"2025-05-19T11:51:32","slug":"legal-notice","status":"publish","type":"page","link":"https:\/\/www.red-on-line.com\/de\/legal-notice\/","title":{"rendered":"Impressum"},"content":{"rendered":"<div  class=\"strate alignfull\" style=\" background-position: 50% 50%;\"><div class=\"centrage\">\n\n<p>RED-ON-LINE GmbH<br>EURO PLAZA 8, Top 2.1<br>Wagenseilgasse 5<br>1120 Wien, \u00d6sterreich<\/p>\n\n\n\n<p>Vertretungsberechtigter Gesch\u00e4ftsf\u00fchrer : Laurent Pitoun, Severine Bersauter, Lukas Gutwinski<\/p>\n\n\n\n<p>E-Mail: hello@red-on-line.com<br>Telefon: +43 1 86632-0<br><br>Handelsregister: Landesgericht Wien, Firmenbuchnummer: 128303g<br><br>Stammkapital: 2.392.796 EUR<\/p>\n\n\n\n<p>Umsatzsteueridentifikationsnummer: ATU 37942802<\/p>\n\n\n\n<p>Inhaltlicher Verantwortlicher:  Laurent Pitoun, Severine Bersauter, Lukas Gutwinski <br><\/p>\n\n\n\n<p><strong>Urherberrechtshinweis:<\/strong><br><br>Alle Inhalte dieser Internetpr\u00e4senz, insbesondere Texte, Fotos und Grafiken, sind urheberrechtlich gesch\u00fctzt. Die Vervielf\u00e4ltigung, Bearbeitung, Verbreitung und jede Art der Verwertung au\u00dferhalb der Schranken des Urheberrechtes bed\u00fcrfen der schriftlichen Zustimmung des jeweiligen Urhebers. Sollten Sie Inhalte verwenden wollen, wenden Sie sich bitte an den Seitenbetreiber. Wer gegen das Urheberrecht verst\u00f6\u00dft, macht sich strafbar und muss mit einer kostenpflichtigen Abmahnung und Forderungen auf Schadensersatz rechnen.<\/p>\n\n\n\n<p><strong>DIE EINRICHTUNG VON LINKS ZU&nbsp;<a href=\"http:\/\/www.red-on-line.com\/\" target=\"_blank\" rel=\"noreferrer noopener\">WWW.RED-ON-LINE.COM<\/a><\/strong><\/p>\n\n\n\n<p>RED-ON-LINE kann die Einrichtung eines Hyperlinks, der auf den Inhalt dieser Website verweist, unter folgenden Voraussetzung gestatten:<\/p>\n\n\n\n<ul><li>RED-ON-LINE muss vorab informiert werden unter: <a href=\"bWFpbHRvOmNvbnRhY3RAcmVkLW9uLWxpbmUuY29t\" data-protectedlink=\"1\">contact@red-on-line.com<\/a>;<\/li><li>Der Hyperlink \u00f6ffnet die Website von RED-ON-LINE in einem neuen Browserfenster. Es ist untersagt, die RED-ON-LINE-Website durch die Verwendung von \u201eFrames\u201c in den Inhalt und die Umgebung Ihrer Website zu integrieren;<\/li><li>Der Zugang zu den Seiten, die den Hyperlink zur RED-ON-LINE Website enthalten, ist kostenlos;<\/li><li>Der Hyperlink f\u00fchrt zur Startseite der RED-ON-LINE Website. Es ist verboten &#8222;Deep Linking&#8220; zu verwenden;<\/li><li>Die Quellenangabe muss auf den Hyperlink und direkt auf den Inhalt verweisen;<\/li><\/ul>\n\n\n\n<p>Dies gilt nicht f\u00fcr Websites, die umstrittene, pornografische und fremdenfeindliche Informationen enthalten oder in gr\u00f6\u00dferem Ma\u00dfe die \u00f6ffentliche Ordnung beeintr\u00e4chtigen k\u00f6nnen. In jedem Fall beh\u00e4lt sich RED-ON-LINE das Recht vor, die sofortige Entfernung des Links zu seiner Website zu verlangen, ohne einen besonderen Grund angeben zu m\u00fcssen. Es wird darauf hingewiesen, dass diese Genehmigung nicht die Reproduktion eines Teils des Inhalts, einschlie\u00dflich eines Titels f\u00fcr die Benennung des Hyperlinks beinhaltet. RED-ON-LINE ist nicht verantwortlich f\u00fcr den Inhalt von Websites Dritter, die nach Genehmigung mit ihrer Website verlinkt sind.<\/p>\n\n<\/div><\/div>\n\n\n<p><\/p>\n","protected":false},"excerpt":{"rendered":"","protected":false},"author":1,"featured_media":0,"parent":0,"menu_order":0,"comment_status":"closed","ping_status":"closed","template":"","meta":[],"yoast_head":"<!-- This site is optimized with the Yoast SEO plugin v19.0 - https:\/\/yoast.com\/wordpress\/plugins\/seo\/ -->\n<title>Impressum - Red-on-line<\/title>\n<meta name=\"description\" content=\"Der Betreiber dieser Seite ist Red-on-line, Teil der Infopro Digital Group. Der Publishing Director ist M. Christophe Czajka. Red-on-line GmbH befindet sich in Wien, \u00d6sterreich\" \/>\n<meta name=\"robots\" content=\"index, follow, max-snippet:-1, max-image-preview:large, max-video-preview:-1\" \/>\n<link rel=\"canonical\" href=\"https:\/\/www.red-on-line.com\/de\/legal-notice\/\" \/>\n<meta property=\"og:locale\" content=\"de_DE\" \/>\n<meta property=\"og:type\" content=\"article\" \/>\n<meta property=\"og:title\" content=\"Impressum - Red-on-line\" \/>\n<meta property=\"og:description\" content=\"Der Betreiber dieser Seite ist Red-on-line, Teil der Infopro Digital Group. Der Publishing Director ist M. Christophe Czajka. Red-on-line GmbH befindet sich in Wien, \u00d6sterreich\" \/>\n<meta property=\"og:url\" content=\"https:\/\/www.red-on-line.com\/de\/legal-notice\/\" \/>\n<meta property=\"og:site_name\" content=\"Red On line (COM)\" \/>\n<meta property=\"article:modified_time\" content=\"2025-05-19T11:51:32+00:00\" \/>\n<meta name=\"twitter:card\" content=\"summary_large_image\" \/>\n<meta name=\"twitter:label1\" content=\"Gesch\u00e4tzte Lesezeit\" \/>\n\t<meta name=\"twitter:data1\" content=\"2 Minuten\" \/>\n<script type=\"application\/ld+json\" class=\"yoast-schema-graph\">{\"@context\":\"https:\/\/schema.org\",\"@graph\":[{\"@type\":\"WebSite\",\"@id\":\"https:\/\/www.red-on-line.com\/#website\",\"url\":\"https:\/\/www.red-on-line.com\/\",\"name\":\"Red On line (COM)\",\"description\":\"Un site utilisant Les sites de Red On Line\",\"potentialAction\":[{\"@type\":\"SearchAction\",\"target\":{\"@type\":\"EntryPoint\",\"urlTemplate\":\"https:\/\/www.red-on-line.com\/?s={search_term_string}\"},\"query-input\":\"required name=search_term_string\"}],\"inLanguage\":\"de-DE\"},{\"@type\":\"WebPage\",\"@id\":\"https:\/\/www.red-on-line.com\/de\/legal-notice\/#webpage\",\"url\":\"https:\/\/www.red-on-line.com\/de\/legal-notice\/\",\"name\":\"Impressum - Red-on-line\",\"isPartOf\":{\"@id\":\"https:\/\/www.red-on-line.com\/#website\"},\"datePublished\":\"2022-09-19T14:37:44+00:00\",\"dateModified\":\"2025-05-19T11:51:32+00:00\",\"description\":\"Der Betreiber dieser Seite ist Red-on-line, Teil der Infopro Digital Group. Der Publishing Director ist M. Christophe Czajka. Red-on-line GmbH befindet sich in Wien, \u00d6sterreich\",\"breadcrumb\":{\"@id\":\"https:\/\/www.red-on-line.com\/de\/legal-notice\/#breadcrumb\"},\"inLanguage\":\"de-DE\",\"potentialAction\":[{\"@type\":\"ReadAction\",\"target\":[\"https:\/\/www.red-on-line.com\/de\/legal-notice\/\"]}]},{\"@type\":\"BreadcrumbList\",\"@id\":\"https:\/\/www.red-on-line.com\/de\/legal-notice\/#breadcrumb\",\"itemListElement\":[{\"@type\":\"ListItem\",\"position\":1,\"name\":\"Home\",\"item\":\"https:\/\/www.red-on-line.com\/de\/\"},{\"@type\":\"ListItem\",\"position\":2,\"name\":\"Impressum\"}]}]}<\/script>\n<!-- \/ Yoast SEO plugin. -->","yoast_head_json":{"title":"Impressum - Red-on-line","description":"Der Betreiber dieser Seite ist Red-on-line, Teil der Infopro Digital Group. Der Publishing Director ist M. Christophe Czajka. Red-on-line GmbH befindet sich in Wien, \u00d6sterreich","robots":{"index":"index","follow":"follow","max-snippet":"max-snippet:-1","max-image-preview":"max-image-preview:large","max-video-preview":"max-video-preview:-1"},"canonical":"https:\/\/www.red-on-line.com\/de\/legal-notice\/","og_locale":"de_DE","og_type":"article","og_title":"Impressum - Red-on-line","og_description":"Der Betreiber dieser Seite ist Red-on-line, Teil der Infopro Digital Group. Der Publishing Director ist M. Christophe Czajka. Red-on-line GmbH befindet sich in Wien, \u00d6sterreich","og_url":"https:\/\/www.red-on-line.com\/de\/legal-notice\/","og_site_name":"Red On line (COM)","article_modified_time":"2025-05-19T11:51:32+00:00","twitter_card":"summary_large_image","twitter_misc":{"Gesch\u00e4tzte Lesezeit":"2 Minuten"},"schema":{"@context":"https:\/\/schema.org","@graph":[{"@type":"WebSite","@id":"https:\/\/www.red-on-line.com\/#website","url":"https:\/\/www.red-on-line.com\/","name":"Red On line (COM)","description":"Un site utilisant Les sites de Red On Line","potentialAction":[{"@type":"SearchAction","target":{"@type":"EntryPoint","urlTemplate":"https:\/\/www.red-on-line.com\/?s={search_term_string}"},"query-input":"required name=search_term_string"}],"inLanguage":"de-DE"},{"@type":"WebPage","@id":"https:\/\/www.red-on-line.com\/de\/legal-notice\/#webpage","url":"https:\/\/www.red-on-line.com\/de\/legal-notice\/","name":"Impressum - Red-on-line","isPartOf":{"@id":"https:\/\/www.red-on-line.com\/#website"},"datePublished":"2022-09-19T14:37:44+00:00","dateModified":"2025-05-19T11:51:32+00:00","description":"Der Betreiber dieser Seite ist Red-on-line, Teil der Infopro Digital Group. Der Publishing Director ist M. Christophe Czajka. Red-on-line GmbH befindet sich in Wien, \u00d6sterreich","breadcrumb":{"@id":"https:\/\/www.red-on-line.com\/de\/legal-notice\/#breadcrumb"},"inLanguage":"de-DE","potentialAction":[{"@type":"ReadAction","target":["https:\/\/www.red-on-line.com\/de\/legal-notice\/"]}]},{"@type":"BreadcrumbList","@id":"https:\/\/www.red-on-line.com\/de\/legal-notice\/#breadcrumb","itemListElement":[{"@type":"ListItem","position":1,"name":"Home","item":"https:\/\/www.red-on-line.com\/de\/"},{"@type":"ListItem","position":2,"name":"Impressum"}]}]}},"_links":{"self":[{"href":"https:\/\/www.red-on-line.com\/de\/wp-json\/wp\/v2\/pages\/15952"}],"collection":[{"href":"https:\/\/www.red-on-line.com\/de\/wp-json\/wp\/v2\/pages"}],"about":[{"href":"https:\/\/www.red-on-line.com\/de\/wp-json\/wp\/v2\/types\/page"}],"author":[{"embeddable":true,"href":"https:\/\/www.red-on-line.com\/de\/wp-json\/wp\/v2\/users\/1"}],"replies":[{"embeddable":true,"href":"https:\/\/www.red-on-line.com\/de\/wp-json\/wp\/v2\/comments?post=15952"}],"version-history":[{"count":7,"href":"https:\/\/www.red-on-line.com\/de\/wp-json\/wp\/v2\/pages\/15952\/revisions"}],"predecessor-version":[{"id":19535,"href":"https:\/\/www.red-on-line.com\/de\/wp-json\/wp\/v2\/pages\/15952\/revisions\/19535"}],"wp:attachment":[{"href":"https:\/\/www.red-on-line.com\/de\/wp-json\/wp\/v2\/media?parent=15952"}],"curies":[{"name":"wp","href":"https:\/\/api.w.org\/{rel}","templated":true}]}}