{"id":15945,"date":"2022-09-19T16:34:20","date_gmt":"2022-09-19T14:34:20","guid":{"rendered":"https:\/\/www.red-on-line.com\/?page_id=15945"},"modified":"2025-10-03T11:42:27","modified_gmt":"2025-10-03T09:42:27","slug":"kontakt","status":"publish","type":"page","link":"https:\/\/www.red-on-line.com\/de\/kontakt\/","title":{"rendered":"Kontakt"},"content":{"rendered":"<div  class=\"strate alignfull\" style=\" background-position: 50% 50%;\"><div class=\"centrage\">\n\n<div class=\"has-2-columns wp-block-columns\">\n<div class=\" wp-block-column\"><div class=\"chapeau\"><div class=\"chapeau__cont-content\">\n<div class=\"container chapeau__cont-header\">\n\n<h1 class=\"chapeau__heading-first\">KONTAKT<\/h1>\n\n\n<span class=\"separator separator--left separator--gradient separator--md\"><\/span>\n\n\n<h1><span class=\"typo-h2\">Kontakt<\/span><\/h1>\n\n\n\n<h2><span class=\"typo-h4\">M\u00f6chten Sie mehr \u00fcber unsere Dienstleistungen erfahren? Unsere Experten helfen Ihnen gerne weiter.<\/span><\/h2>\n\n\n\n<p>Ob Sie eine Demo von Red-on-line Core w\u00fcnschen, weitere Informationen zu unseren L\u00f6sungen ben\u00f6tigen oder ein erstes Gespr\u00e4ch mit einem HSE-Experten vereinbaren m\u00f6chten \u2013 f\u00fcllen Sie einfach das Formular aus, wir melden uns umgehend bei Ihnen.<\/p>\n\n\n<div class=\"block-responsive \" data-set=\"contact-form\"><\/div>\n<\/div>\n\n<div class=\"container chapeau__cont-middle\">\n<section class=\"card-simple  has-background has-color-8-background-color has-border-radius is-lien-button\"><div class=\"card-simple__cont-infos\"><div class=\"card-simple__cont-content\"><h3 class=\"card-simple__titre typo-h4  \">BRAUCHEN SIE HILFE?<\/h3><div class=\"card-simple__content typo-body\"><p>Haben Sie eine Frage oder ben\u00f6tigen Sie sofortige Unterst\u00fctzung?<br>Unser engagiertes Team steht Ihnen zur Verf\u00fcgung und wird sich so schnell wie m\u00f6glich bei Ihnen melden.<\/p><\/div><a class=\"card-simple__lien  card-simple__lien--left has-bttn-style-lien\" href=\"https:\/\/support.hse-compliance.net\/hc\/de\/requests\/new\" target=\"_blank\"><span class=\"bttn bttn--icon-left bttn--icon bttn--md is-style-lien\"><span class=\"bttn__cont-label-icon\"><svg aria-hidden=\"true\" class=\"iconrol\" viewBox=\"0 0 16 16\"><use href=\"#iconrol1-arrow-right\" class=\"iconrol__unique\"><\/use><\/svg><span class=\"bttn__label\">Kontakt<\/span><\/span><\/span><\/a><\/div><\/div><\/section>\n\n<section class=\"card-simple  has-background has-color-8-background-color has-border-radius is-lien-button\"><div class=\"card-simple__cont-infos\"><div class=\"card-simple__cont-content\"><h3 class=\"card-simple__titre typo-h4  \">KARRIERE<\/h3><div class=\"card-simple__content typo-body\"><p>M\u00f6chten Sie Teil unseres Teams werden? Da wir auf Wachstumskurs sind, schaffen wir immer wieder neue Stellen. Erfahren Sie mehr \u00fcber die Karrierem\u00f6glichkeiten und entdecken Sie unsere aktuellen offenen Stellen.<\/p><\/div><a class=\"card-simple__lien  card-simple__lien--left has-bttn-style-lien\" href=\"https:\/\/www.red-on-line.com\/careers\/\" target=\"_self\"><span class=\"bttn bttn--icon-left bttn--icon bttn--md is-style-lien\"><span class=\"bttn__cont-label-icon\"><svg aria-hidden=\"true\" class=\"iconrol\" viewBox=\"0 0 16 16\"><use href=\"#iconrol1-arrow-right\" class=\"iconrol__unique\"><\/use><\/svg><span class=\"bttn__label\">Offene Stellen<\/span><\/span><\/span><\/a><\/div><\/div><\/section>\n<\/div>\n<\/div><\/div><\/div>\n\n\n\n<div class=\" wp-block-column\"><div class=\"block-responsive-desktop\" data-set=\"contact-form\"><div class=\"fg-append-around\"><div  class=\"strate has-background has-white-background-color alignfull has-background-color-opacity-100\" style=\" background-position: 50% 50%;\"><div data-pattern-translate-x=\"120\" class=\" strate--pattern-gradient-2 strate--pattern-center-center strate--pattern-opacity-100 strate--pattern-clip--1\" style=\"transform: translateX(120px) translateY(-140px);height: 100%;\"><\/div><div class=\"centrage\">\n<div  class=\"strate has-box-shadow strate--border-radius has-background has-white-background-color alignfull has-background-color-opacity-100\" style=\" background-position: 50% 50%;\"><div class=\"centrage\">\n\n<script type=\"text\/javascript\" src=\"\/\/js.hsforms.net\/forms\/v2.js\"><\/script>\n<script type=\"text\/javascript\" src=\"\/\/js.hsforms.net\/forms\/v2.js\"><\/script>\n<script>\n  hbspt.forms.create({\n    region: \"na1\",\n    portalId: \"14573040\",\n    formId: \"029eb7a5-748e-492d-afbb-b94924293fcf\"\n  });\n<\/script>\n<p style=\"font-size: 12px\"><span style=\"font-family: 'Source Sans Pro', sans-serif;color: #6e6674\">Die erhobenen personenbezogenen Daten werden von der Red-on-line SAS, eingetragen bei der Handelskammer Nanterre unter Nr. 425 043 064, verarbeitet. Wir ben\u00f6tigen sie u. a. zur Bearbeitung Ihrer Anfrage und speichern sie in unseren Akten. Red-on-line und alle anderen Gesellschaften der Infopro Digital Group k\u00f6nnen diese Akten nutzen, um Ihnen ihrerseits oder im Namen ihrer Kunden Produkte und\/oder Dienstleistungen f\u00fcr Ihre beruflichen Aktivit\u00e4ten anzubieten, oder Sie in Branchenverzeichnisse einzutragen. Um Ihre Rechte auszu\u00fcben, Widerspruch einzulegen oder mehr zu erfahren lesen Sie bitte unsere &nbsp;<a href=\"https:\/\/www.infopro-digital.com\/terms-conditions\/privacy-policy\/?lang=en\" rel=\"noopener\">Datenschutzerkl\u00e4rung<\/a><\/span><\/p>\n\n<\/div><\/div>\n<\/div><\/div><\/div><\/div><\/div>\n<\/div>\n\n<\/div><\/div>\n\n<div  class=\"strate alignfull\" style=\" background-position: 50% 50%;\"><div class=\"centrage\">\n<div  class=\"strate alignfull\" style=\" background-position: 50% 50%;\"><div class=\"centrage\">\n<div  class=\"strate has-background has-color-8-background-color has-background-color-opacity-100 strate-expand-bpxsmall\" style=\" background-position: 50% 50%;\"><div class=\"centrage\">\n\n<h4 class=\"has-text-align-center\">Red-on-line in Zahlen<\/h4>\n\n\n<div id=\"\" class=\"list-items list-items--dots has-4-columns\">\n<div class=\"list-items__item\">\n<div class=\"keys-figures\"><p class=\"typo-h2 keys-figures__chiffre has-color-4-color has-text-align-center\">5 000+<\/p><div class=\"\"><\/div><p class=\"typo-caption-cap keys-figures__content has-color-6-color has-text-align-center\">Kundenunternehmen<\/p><\/div>\n<\/div>\n\n<div class=\"list-items__item\">\n<div class=\"keys-figures\"><p class=\"typo-h2 keys-figures__chiffre has-color-4-color has-text-align-center\">100+<\/p><div class=\"\"><\/div><p class=\"typo-caption-cap keys-figures__content has-color-6-color has-text-align-center\">L\u00c4NDER<\/p><\/div>\n<\/div>\n\n<div class=\"list-items__item\">\n<div class=\"keys-figures\"><p class=\"typo-h2 keys-figures__chiffre has-color-4-color has-text-align-center\">500+<\/p><div class=\"\"><\/div><p class=\"typo-caption-cap keys-figures__content has-color-6-color has-text-align-center\">abgedeckte Rechtsordnungen<\/p><\/div>\n<\/div>\n\n<div class=\"list-items__item\">\n<div class=\"keys-figures\"><p class=\"typo-h2 keys-figures__chiffre has-color-4-color has-text-align-center\">350+<\/p><div class=\"\"><\/div><p class=\"typo-caption-cap keys-figures__content has-color-6-color has-text-align-center\">EXPERTINNEN UND EXPERTEN<\/p><\/div>\n<\/div>\n<\/div>\n<\/div><\/div>\n<\/div><\/div>\n<\/div><\/div>","protected":false},"excerpt":{"rendered":"","protected":false},"author":1,"featured_media":0,"parent":0,"menu_order":0,"comment_status":"closed","ping_status":"closed","template":"tpl_contact.php","meta":[],"yoast_head":"<!-- This site is optimized with the Yoast SEO plugin v19.0 - https:\/\/yoast.com\/wordpress\/plugins\/seo\/ -->\n<title>Kontakt - Red-on-line<\/title>\n<meta name=\"description\" content=\"Stellen Sie Ihre Fragen, buchen Sie eine Demo, erfahren Sie mehr \u00fcber die Plattform: F\u00fcllen Sie das Formular aus und wir melden uns so schnell wie m\u00f6glich!\" \/>\n<meta name=\"robots\" content=\"index, follow, max-snippet:-1, max-image-preview:large, max-video-preview:-1\" \/>\n<link rel=\"canonical\" href=\"https:\/\/www.red-on-line.com\/de\/kontakt\/\" \/>\n<meta property=\"og:locale\" content=\"de_DE\" \/>\n<meta property=\"og:type\" content=\"article\" \/>\n<meta property=\"og:title\" content=\"Kontakt - Red-on-line\" \/>\n<meta property=\"og:description\" content=\"Stellen Sie Ihre Fragen, buchen Sie eine Demo, erfahren Sie mehr \u00fcber die Plattform: F\u00fcllen Sie das Formular aus und wir melden uns so schnell wie m\u00f6glich!\" \/>\n<meta property=\"og:url\" content=\"https:\/\/www.red-on-line.com\/de\/kontakt\/\" \/>\n<meta property=\"og:site_name\" content=\"Red On line (COM)\" \/>\n<meta property=\"article:modified_time\" content=\"2025-10-03T09:42:27+00:00\" \/>\n<meta name=\"twitter:card\" content=\"summary_large_image\" \/>\n<meta name=\"twitter:label1\" content=\"Gesch\u00e4tzte Lesezeit\" \/>\n\t<meta name=\"twitter:data1\" content=\"1 Minute\" \/>\n<script type=\"application\/ld+json\" class=\"yoast-schema-graph\">{\"@context\":\"https:\/\/schema.org\",\"@graph\":[{\"@type\":\"WebSite\",\"@id\":\"https:\/\/www.red-on-line.com\/#website\",\"url\":\"https:\/\/www.red-on-line.com\/\",\"name\":\"Red On line (COM)\",\"description\":\"Un site utilisant Les sites de Red On Line\",\"potentialAction\":[{\"@type\":\"SearchAction\",\"target\":{\"@type\":\"EntryPoint\",\"urlTemplate\":\"https:\/\/www.red-on-line.com\/?s={search_term_string}\"},\"query-input\":\"required name=search_term_string\"}],\"inLanguage\":\"de-DE\"},{\"@type\":\"WebPage\",\"@id\":\"https:\/\/www.red-on-line.com\/de\/kontakt\/#webpage\",\"url\":\"https:\/\/www.red-on-line.com\/de\/kontakt\/\",\"name\":\"Kontakt - Red-on-line\",\"isPartOf\":{\"@id\":\"https:\/\/www.red-on-line.com\/#website\"},\"datePublished\":\"2022-09-19T14:34:20+00:00\",\"dateModified\":\"2025-10-03T09:42:27+00:00\",\"description\":\"Stellen Sie Ihre Fragen, buchen Sie eine Demo, erfahren Sie mehr \u00fcber die Plattform: F\u00fcllen Sie das Formular aus und wir melden uns so schnell wie m\u00f6glich!\",\"breadcrumb\":{\"@id\":\"https:\/\/www.red-on-line.com\/de\/kontakt\/#breadcrumb\"},\"inLanguage\":\"de-DE\",\"potentialAction\":[{\"@type\":\"ReadAction\",\"target\":[\"https:\/\/www.red-on-line.com\/de\/kontakt\/\"]}]},{\"@type\":\"BreadcrumbList\",\"@id\":\"https:\/\/www.red-on-line.com\/de\/kontakt\/#breadcrumb\",\"itemListElement\":[{\"@type\":\"ListItem\",\"position\":1,\"name\":\"Home\",\"item\":\"https:\/\/www.red-on-line.com\/de\/\"},{\"@type\":\"ListItem\",\"position\":2,\"name\":\"Kontakt\"}]}]}<\/script>\n<!-- \/ Yoast SEO plugin. -->","yoast_head_json":{"title":"Kontakt - Red-on-line","description":"Stellen Sie Ihre Fragen, buchen Sie eine Demo, erfahren Sie mehr \u00fcber die Plattform: F\u00fcllen Sie das Formular aus und wir melden uns so schnell wie m\u00f6glich!","robots":{"index":"index","follow":"follow","max-snippet":"max-snippet:-1","max-image-preview":"max-image-preview:large","max-video-preview":"max-video-preview:-1"},"canonical":"https:\/\/www.red-on-line.com\/de\/kontakt\/","og_locale":"de_DE","og_type":"article","og_title":"Kontakt - Red-on-line","og_description":"Stellen Sie Ihre Fragen, buchen Sie eine Demo, erfahren Sie mehr \u00fcber die Plattform: F\u00fcllen Sie das Formular aus und wir melden uns so schnell wie m\u00f6glich!","og_url":"https:\/\/www.red-on-line.com\/de\/kontakt\/","og_site_name":"Red On line (COM)","article_modified_time":"2025-10-03T09:42:27+00:00","twitter_card":"summary_large_image","twitter_misc":{"Gesch\u00e4tzte Lesezeit":"1 Minute"},"schema":{"@context":"https:\/\/schema.org","@graph":[{"@type":"WebSite","@id":"https:\/\/www.red-on-line.com\/#website","url":"https:\/\/www.red-on-line.com\/","name":"Red On line (COM)","description":"Un site utilisant Les sites de Red On Line","potentialAction":[{"@type":"SearchAction","target":{"@type":"EntryPoint","urlTemplate":"https:\/\/www.red-on-line.com\/?s={search_term_string}"},"query-input":"required name=search_term_string"}],"inLanguage":"de-DE"},{"@type":"WebPage","@id":"https:\/\/www.red-on-line.com\/de\/kontakt\/#webpage","url":"https:\/\/www.red-on-line.com\/de\/kontakt\/","name":"Kontakt - Red-on-line","isPartOf":{"@id":"https:\/\/www.red-on-line.com\/#website"},"datePublished":"2022-09-19T14:34:20+00:00","dateModified":"2025-10-03T09:42:27+00:00","description":"Stellen Sie Ihre Fragen, buchen Sie eine Demo, erfahren Sie mehr \u00fcber die Plattform: F\u00fcllen Sie das Formular aus und wir melden uns so schnell wie m\u00f6glich!","breadcrumb":{"@id":"https:\/\/www.red-on-line.com\/de\/kontakt\/#breadcrumb"},"inLanguage":"de-DE","potentialAction":[{"@type":"ReadAction","target":["https:\/\/www.red-on-line.com\/de\/kontakt\/"]}]},{"@type":"BreadcrumbList","@id":"https:\/\/www.red-on-line.com\/de\/kontakt\/#breadcrumb","itemListElement":[{"@type":"ListItem","position":1,"name":"Home","item":"https:\/\/www.red-on-line.com\/de\/"},{"@type":"ListItem","position":2,"name":"Kontakt"}]}]}},"_links":{"self":[{"href":"https:\/\/www.red-on-line.com\/de\/wp-json\/wp\/v2\/pages\/15945"}],"collection":[{"href":"https:\/\/www.red-on-line.com\/de\/wp-json\/wp\/v2\/pages"}],"about":[{"href":"https:\/\/www.red-on-line.com\/de\/wp-json\/wp\/v2\/types\/page"}],"author":[{"embeddable":true,"href":"https:\/\/www.red-on-line.com\/de\/wp-json\/wp\/v2\/users\/1"}],"replies":[{"embeddable":true,"href":"https:\/\/www.red-on-line.com\/de\/wp-json\/wp\/v2\/comments?post=15945"}],"version-history":[{"count":16,"href":"https:\/\/www.red-on-line.com\/de\/wp-json\/wp\/v2\/pages\/15945\/revisions"}],"predecessor-version":[{"id":21919,"href":"https:\/\/www.red-on-line.com\/de\/wp-json\/wp\/v2\/pages\/15945\/revisions\/21919"}],"wp:attachment":[{"href":"https:\/\/www.red-on-line.com\/de\/wp-json\/wp\/v2\/media?parent=15945"}],"curies":[{"name":"wp","href":"https:\/\/api.w.org\/{rel}","templated":true}]}}