{"id":15944,"date":"2022-09-19T16:34:19","date_gmt":"2022-09-19T14:34:19","guid":{"rendered":"https:\/\/www.red-on-line.com\/?page_id=15944"},"modified":"2023-06-26T22:36:39","modified_gmt":"2023-06-26T20:36:39","slug":"case-studies","status":"publish","type":"page","link":"https:\/\/www.red-on-line.com\/de\/case-studies\/","title":{"rendered":"Fallstudien"},"content":{"rendered":"<div  class=\"strate has-background has-color-8-background-color alignfull has-background-color-opacity-100\" style=\" background-position: 50% 50%;\"><div class=\"centrage\">\n<div class=\"bttn-align-left\"><a href=\"https:\/\/www.red-on-line.com\/resources\/\" target=\"_self\" class=\"bttn has-color-6-bttn-color is-style-lien bttn--icon-left bttn--icon bttn--md\"><span class=\"bttn__cont-label-icon\"><svg aria-hidden=\"true\" class=\"iconrol\" viewBox=\"0 0 16 16\"><use href=\"#iconrol1-arrow-left\" class=\"iconrol__unique\" \/><\/svg><span class=\"bttn__label\">Zur\u00fcck<\/span><\/span><\/a><\/div>\n\n<div class=\"chapeau\"><div class=\"chapeau__cont-content\">\n<div class=\"container chapeau__cont-header\">\n\n<h2 class=\"chapeau__heading-first\">RESSOURCEN<\/h2>\n\n\n<span class=\"separator separator--left separator--gradient separator--md\"><\/span>\n\n\n<h1 class=\"chapeau__heading-second\"><span class=\"typo-h2\"><strong>Unsere Fallstudien zu den Themen Gesundheit, Sicherheit und Umwelt<\/strong><\/span><\/h1>\n\n\n\n<h3 style=\"font-size:24px\"><span class=\"has-inline-color has-color-7-color\"><strong>Erleben Sie All-in-one by Red-on-line anhand von Fallstudien<\/strong><\/span><\/h3>\n\n\n\n<p><span class=\"typo-subhead\"><span class=\"has-inline-color has-color-7-color\">Sehr anschaulich belegen diese Erfahrungsberichte von Kunden die Leistungen eines von der L\u00f6sungssuite All-in-One by Red-on-line aus gesteuerten HSE-Managements, stellen die Effizienz ma\u00dfgeschneiderten Consultings durch unser interdisziplin\u00e4res Team heraus und r\u00fccken die Erfolge dieser nahtlosen Zusammenarbeit \u2013 von der Implementierung bis zum praktischen Einsatz \u2013 mit t\u00e4glicher Nachverfolgung ins richtige Licht.<\/span><\/span><\/p>\n\n<\/div>\n\n\n<\/div><\/div>\n<\/div><\/div>","protected":false},"excerpt":{"rendered":"","protected":false},"author":1,"featured_media":0,"parent":0,"menu_order":0,"comment_status":"closed","ping_status":"closed","template":"tpl_archive-cas.php","meta":[],"yoast_head":"<!-- This site is optimized with the Yoast SEO plugin v19.0 - https:\/\/yoast.com\/wordpress\/plugins\/seo\/ -->\n<title>EHS Case Studies - Red-on-line<\/title>\n<meta name=\"description\" content=\"Unsere Kunden teilen ihre Erfahrungen mit Red-on-line in Fallstudien. Jetzt downloaden und mehr \u00fcber unsere Projekte erfahren!\" \/>\n<meta name=\"robots\" content=\"index, follow, max-snippet:-1, max-image-preview:large, max-video-preview:-1\" \/>\n<link rel=\"canonical\" href=\"https:\/\/www.red-on-line.com\/de\/case-studies\/\" \/>\n<meta property=\"og:locale\" content=\"de_DE\" \/>\n<meta property=\"og:type\" content=\"article\" \/>\n<meta property=\"og:title\" content=\"EHS Case Studies - Red-on-line\" \/>\n<meta property=\"og:description\" content=\"Unsere Kunden teilen ihre Erfahrungen mit Red-on-line in Fallstudien. Jetzt downloaden und mehr \u00fcber unsere Projekte erfahren!\" \/>\n<meta property=\"og:url\" content=\"https:\/\/www.red-on-line.com\/de\/case-studies\/\" \/>\n<meta property=\"og:site_name\" content=\"Red On line (COM)\" \/>\n<meta property=\"article:modified_time\" content=\"2023-06-26T20:36:39+00:00\" \/>\n<meta name=\"twitter:card\" content=\"summary_large_image\" \/>\n<meta name=\"twitter:label1\" content=\"Gesch\u00e4tzte Lesezeit\" \/>\n\t<meta name=\"twitter:data1\" content=\"1 Minute\" \/>\n<script type=\"application\/ld+json\" class=\"yoast-schema-graph\">{\"@context\":\"https:\/\/schema.org\",\"@graph\":[{\"@type\":\"WebSite\",\"@id\":\"https:\/\/www.red-on-line.com\/#website\",\"url\":\"https:\/\/www.red-on-line.com\/\",\"name\":\"Red On line (COM)\",\"description\":\"Un site utilisant Les sites de Red On Line\",\"potentialAction\":[{\"@type\":\"SearchAction\",\"target\":{\"@type\":\"EntryPoint\",\"urlTemplate\":\"https:\/\/www.red-on-line.com\/?s={search_term_string}\"},\"query-input\":\"required name=search_term_string\"}],\"inLanguage\":\"de-DE\"},{\"@type\":\"WebPage\",\"@id\":\"https:\/\/www.red-on-line.com\/de\/case-studies\/#webpage\",\"url\":\"https:\/\/www.red-on-line.com\/de\/case-studies\/\",\"name\":\"EHS Case Studies - Red-on-line\",\"isPartOf\":{\"@id\":\"https:\/\/www.red-on-line.com\/#website\"},\"datePublished\":\"2022-09-19T14:34:19+00:00\",\"dateModified\":\"2023-06-26T20:36:39+00:00\",\"description\":\"Unsere Kunden teilen ihre Erfahrungen mit Red-on-line in Fallstudien. Jetzt downloaden und mehr \u00fcber unsere Projekte erfahren!\",\"breadcrumb\":{\"@id\":\"https:\/\/www.red-on-line.com\/de\/case-studies\/#breadcrumb\"},\"inLanguage\":\"de-DE\",\"potentialAction\":[{\"@type\":\"ReadAction\",\"target\":[\"https:\/\/www.red-on-line.com\/de\/case-studies\/\"]}]},{\"@type\":\"BreadcrumbList\",\"@id\":\"https:\/\/www.red-on-line.com\/de\/case-studies\/#breadcrumb\",\"itemListElement\":[{\"@type\":\"ListItem\",\"position\":1,\"name\":\"Home\",\"item\":\"https:\/\/www.red-on-line.com\/de\/\"},{\"@type\":\"ListItem\",\"position\":2,\"name\":\"Fallstudien\"}]}]}<\/script>\n<!-- \/ Yoast SEO plugin. -->","yoast_head_json":{"title":"EHS Case Studies - Red-on-line","description":"Unsere Kunden teilen ihre Erfahrungen mit Red-on-line in Fallstudien. Jetzt downloaden und mehr \u00fcber unsere Projekte erfahren!","robots":{"index":"index","follow":"follow","max-snippet":"max-snippet:-1","max-image-preview":"max-image-preview:large","max-video-preview":"max-video-preview:-1"},"canonical":"https:\/\/www.red-on-line.com\/de\/case-studies\/","og_locale":"de_DE","og_type":"article","og_title":"EHS Case Studies - Red-on-line","og_description":"Unsere Kunden teilen ihre Erfahrungen mit Red-on-line in Fallstudien. Jetzt downloaden und mehr \u00fcber unsere Projekte erfahren!","og_url":"https:\/\/www.red-on-line.com\/de\/case-studies\/","og_site_name":"Red On line (COM)","article_modified_time":"2023-06-26T20:36:39+00:00","twitter_card":"summary_large_image","twitter_misc":{"Gesch\u00e4tzte Lesezeit":"1 Minute"},"schema":{"@context":"https:\/\/schema.org","@graph":[{"@type":"WebSite","@id":"https:\/\/www.red-on-line.com\/#website","url":"https:\/\/www.red-on-line.com\/","name":"Red On line (COM)","description":"Un site utilisant Les sites de Red On Line","potentialAction":[{"@type":"SearchAction","target":{"@type":"EntryPoint","urlTemplate":"https:\/\/www.red-on-line.com\/?s={search_term_string}"},"query-input":"required name=search_term_string"}],"inLanguage":"de-DE"},{"@type":"WebPage","@id":"https:\/\/www.red-on-line.com\/de\/case-studies\/#webpage","url":"https:\/\/www.red-on-line.com\/de\/case-studies\/","name":"EHS Case Studies - Red-on-line","isPartOf":{"@id":"https:\/\/www.red-on-line.com\/#website"},"datePublished":"2022-09-19T14:34:19+00:00","dateModified":"2023-06-26T20:36:39+00:00","description":"Unsere Kunden teilen ihre Erfahrungen mit Red-on-line in Fallstudien. Jetzt downloaden und mehr \u00fcber unsere Projekte erfahren!","breadcrumb":{"@id":"https:\/\/www.red-on-line.com\/de\/case-studies\/#breadcrumb"},"inLanguage":"de-DE","potentialAction":[{"@type":"ReadAction","target":["https:\/\/www.red-on-line.com\/de\/case-studies\/"]}]},{"@type":"BreadcrumbList","@id":"https:\/\/www.red-on-line.com\/de\/case-studies\/#breadcrumb","itemListElement":[{"@type":"ListItem","position":1,"name":"Home","item":"https:\/\/www.red-on-line.com\/de\/"},{"@type":"ListItem","position":2,"name":"Fallstudien"}]}]}},"_links":{"self":[{"href":"https:\/\/www.red-on-line.com\/de\/wp-json\/wp\/v2\/pages\/15944"}],"collection":[{"href":"https:\/\/www.red-on-line.com\/de\/wp-json\/wp\/v2\/pages"}],"about":[{"href":"https:\/\/www.red-on-line.com\/de\/wp-json\/wp\/v2\/types\/page"}],"author":[{"embeddable":true,"href":"https:\/\/www.red-on-line.com\/de\/wp-json\/wp\/v2\/users\/1"}],"replies":[{"embeddable":true,"href":"https:\/\/www.red-on-line.com\/de\/wp-json\/wp\/v2\/comments?post=15944"}],"version-history":[{"count":7,"href":"https:\/\/www.red-on-line.com\/de\/wp-json\/wp\/v2\/pages\/15944\/revisions"}],"predecessor-version":[{"id":19386,"href":"https:\/\/www.red-on-line.com\/de\/wp-json\/wp\/v2\/pages\/15944\/revisions\/19386"}],"wp:attachment":[{"href":"https:\/\/www.red-on-line.com\/de\/wp-json\/wp\/v2\/media?parent=15944"}],"curies":[{"name":"wp","href":"https:\/\/api.w.org\/{rel}","templated":true}]}}