{"id":15943,"date":"2022-09-19T16:34:33","date_gmt":"2022-09-19T14:34:33","guid":{"rendered":"https:\/\/www.red-on-line.com\/?page_id=15943"},"modified":"2023-06-26T17:27:08","modified_gmt":"2023-06-26T15:27:08","slug":"initiativbewerbung","status":"publish","type":"page","link":"https:\/\/www.red-on-line.com\/de\/karriere\/initiativbewerbung\/","title":{"rendered":"Initiativbewerbung"},"content":{"rendered":"<div  class=\"strate alignfull\" style=\" background-position: 50% 50%;\"><div class=\"centrage\">\n<div class=\"bttn-align-left\"><a href=\"https:\/\/www.red-on-line.com\/careers\/\" target=\"_self\" class=\"bttn has-color-6-bttn-color is-style-lien bttn--icon-left bttn--icon bttn--md\"><span class=\"bttn__cont-label-icon\"><svg aria-hidden=\"true\" class=\"iconrol\" viewBox=\"0 0 16 16\"><use href=\"#iconrol1-arrow-left\" class=\"iconrol__unique\" \/><\/svg><span class=\"bttn__label\">Zur\u00fcck<\/span><\/span><\/a><\/div>\n\n\n<div class=\"has-2-columns wp-block-columns\">\n<div class=\" wp-block-column\"><div class=\"chapeau\"><div class=\"chapeau__cont-content\">\n<div class=\"container chapeau__cont-header\">\n\n<h1 class=\"chapeau__heading-first\">KARRIERE<\/h1>\n\n\n<span class=\"separator separator--left separator--gradient separator--md\"><\/span>\n\n\n<h2 class=\"chapeau__heading-second\">Sie m\u00f6chten Teil eines internationalen Teams werden?<\/h2>\n\n\n\n<h3><span class=\"typo-subhead\"><span class=\"has-inline-color has-color-7-color\">Sie sind \u00fcberzeugt, dass Sie die passenden F\u00e4higkeiten f\u00fcr uns haben?<\/span><\/span><\/h3>\n\n\n\n<p>Da wir auf Wachstumskurs sind, schaffen wir immer wieder neue Stellen. Wenn Sie Erfahrung in den Bereichen EHS-Recht, Software, IT, Marketing, Sales, HR oder anderen administrativen T\u00e4tigkeitsfeldern haben, erz\u00e4hlen Sie uns gerne mehr!<\/p>\n\n\n\n<p>Senden Sie uns Ihre Initiativbewerbung und inkludieren Sie bitte auch einen Lebenslauf. Wir bearbeiten Ihre Bewerbung so rasch wie m\u00f6glich.<\/p>\n\n\n\n<p>Wir freuen uns, Sie kennenzulernen!<\/p>\n\n\n\n<div style=\"height:100px\" aria-hidden=\"true\" class=\"wp-block-spacer\"><\/div>\n\n\n<section class=\"card-simple  has-border-radius\"><div class=\"card-simple__cont-infos\"><div class=\"card-simple__cont-content\"><h3 class=\"card-simple__titre typo-h4  \">Bleiben Sie auf dem Laufenden<\/h3><span class=\"separator separator--left separator--gradient separator--lg\"><\/span><div class=\"card-simple__content typo-body\"><p>Lesen Sie doch in der Zwischenzeit mehr \u00fcber unsere <a href=\"https:\/\/www.red-on-line.com\/de\/loesungen\/\" target=\"_blank\" rel=\"noreferrer noopener\"><strong>Services<\/strong><\/a> oder <a href=\"https:\/\/www.red-on-line.com\/de\/ueber-uns\/\" target=\"_blank\" rel=\"noreferrer noopener\">\u00fcber unser <strong>Unternehmen<\/strong><\/a>.<br><br>Und damit Sie keine Job-Updates und News verpassen, k\u00f6nnen Sie uns auf <a href=\"https:\/\/www.linkedin.com\/company\/3014436\/\" target=\"_blank\" rel=\"noreferrer noopener nofollow\"><strong>LinkedIn<\/strong><\/a> folgen.<\/p><\/div><\/div><\/div><\/section>\n<\/div>\n\n\n<\/div><\/div><\/div>\n\n\n\n<div class=\" wp-block-column\"><div  class=\"strate has-background has-white-background-color alignfull has-background-color-opacity-100\" style=\" background-position: 50% 50%;\"><div data-pattern-translate-x=\"120\" class=\" strate--pattern-gradient-2 strate--pattern-center-center strate--pattern-opacity-100 strate--pattern-clip--1\" style=\"transform: translateX(120px) translateY(-140px);height: 100%;\"><\/div><div class=\"centrage\">\n<div  class=\"strate has-box-shadow strate--border-radius has-background has-white-background-color alignfull has-background-color-opacity-100\" style=\" background-position: 50% 50%;\"><div class=\"centrage\">\n\n<script type=\"text\/javascript\" src=\"\/\/js.hsforms.net\/forms\/v2.js\"><\/script>\n<script type=\"text\/javascript\" src=\"\/\/js.hsforms.net\/forms\/v2.js\"><\/script>\n<script>\n  hbspt.forms.create({\n    region: \"na1\",\n    portalId: \"14573040\",\n    formId: \"547569c4-6b6c-496f-bd83-6e840879447f\"\n  });\n<\/script>\n<p style=\"font-size: 12px\"><span style=\"font-family: 'Source Sans Pro', sans-serif;color: #6e6674\">Die erhobenen personenbezogenen Daten werden von der Red-on-line SAS, eingetragen bei der Handelskammer Nanterre unter Nr. 425 043 064, verarbeitet. Wir ben\u00f6tigen sie u. a. zur Bearbeitung Ihrer Anfrage und speichern sie in unseren Akten. Red-on-line und alle anderen Gesellschaften der Infopro Digital Group k\u00f6nnen diese Akten nutzen, um Ihnen ihrerseits oder im Namen ihrer Kunden Produkte und\/oder Dienstleistungen f\u00fcr Ihre beruflichen Aktivit\u00e4ten anzubieten, oder Sie in Branchenverzeichnisse einzutragen. Um Ihre Rechte auszu\u00fcben, Widerspruch einzulegen oder mehr zu erfahren lesen Sie bitte unsere &nbsp;<a href=\"https:\/\/www.infopro-digital.com\/terms-conditions\/privacy-policy\/?lang=en\" rel=\"noopener\">Datenschutzerkl\u00e4rung<\/a><\/span><\/p>\n\n<\/div><\/div>\n<\/div><\/div><\/div>\n<\/div>\n\n<\/div><\/div>\n\n<div  class=\"strate alignfull\" style=\" background-position: 50% 50%;\"><div class=\"centrage\">\n<div  class=\"strate has-background has-color-8-background-color has-background-color-opacity-100\" style=\" background-position: 50% 50%;\"><div class=\"centrage\">\n\n<h3 class=\"has-text-align-center\">Vertrauensw\u00fcrdiger Partner f\u00fcr HSE-Compliance und Risikomanagement<\/h3>\n\n\n<div id=\"\" class=\"list-items list-items--dots has-4-columns\">\n<div class=\"list-items__item\">\n<div class=\"keys-figures\"><p class=\"typo-h2 keys-figures__chiffre has-color-4-color has-text-align-center\">5 000+<\/p><div class=\"\"><\/div><p class=\"typo-caption-cap keys-figures__content  has-text-align-center\">Kundenunternehmen<\/p><\/div>\n<\/div>\n\n<div class=\"list-items__item\">\n<div class=\"keys-figures\"><p class=\"typo-h2 keys-figures__chiffre has-color-4-color has-text-align-center\">100+<\/p><div class=\"\"><\/div><p class=\"typo-caption-cap keys-figures__content  has-text-align-center\">L\u00c4NDER<\/p><\/div>\n<\/div>\n\n<div class=\"list-items__item\">\n<div class=\"keys-figures\"><p class=\"typo-h2 keys-figures__chiffre has-color-4-color has-text-align-center\">500+<\/p><div class=\"\"><\/div><p class=\"typo-caption-cap keys-figures__content  has-text-align-center\">abgedeckte Rechtsordnungen<\/p><\/div>\n<\/div>\n\n<div class=\"list-items__item\">\n<div class=\"keys-figures\"><p class=\"typo-h2 keys-figures__chiffre has-color-4-color has-text-align-center\">350+<\/p><div class=\"\"><\/div><p class=\"typo-caption-cap keys-figures__content  has-text-align-center\">EXPERTINNEN UND EXPERTEN<\/p><\/div>\n<\/div>\n<\/div>\n<\/div><\/div>\n<\/div><\/div>","protected":false},"excerpt":{"rendered":"","protected":false},"author":1,"featured_media":0,"parent":15938,"menu_order":0,"comment_status":"closed","ping_status":"closed","template":"","meta":[],"yoast_head":"<!-- This site is optimized with the Yoast SEO plugin v19.0 - https:\/\/yoast.com\/wordpress\/plugins\/seo\/ -->\n<title>Initiativbewerbung - Red-on-line<\/title>\n<meta name=\"description\" content=\"Als wachsendes Unternehmen sind wir immer auf der Suche nach Expertinnen und Experten auf verschiedensten Gebieten. Bewerben Sie sich jetzt!\" \/>\n<meta name=\"robots\" content=\"index, follow, max-snippet:-1, max-image-preview:large, max-video-preview:-1\" \/>\n<link rel=\"canonical\" href=\"https:\/\/www.red-on-line.com\/de\/karriere\/initiativbewerbung\/\" \/>\n<meta property=\"og:locale\" content=\"de_DE\" \/>\n<meta property=\"og:type\" content=\"article\" \/>\n<meta property=\"og:title\" content=\"Initiativbewerbung - Red-on-line\" \/>\n<meta property=\"og:description\" content=\"Als wachsendes Unternehmen sind wir immer auf der Suche nach Expertinnen und Experten auf verschiedensten Gebieten. Bewerben Sie sich jetzt!\" \/>\n<meta property=\"og:url\" content=\"https:\/\/www.red-on-line.com\/de\/karriere\/initiativbewerbung\/\" \/>\n<meta property=\"og:site_name\" content=\"Red On line (COM)\" \/>\n<meta property=\"article:modified_time\" content=\"2023-06-26T15:27:08+00:00\" \/>\n<meta name=\"twitter:card\" content=\"summary_large_image\" \/>\n<meta name=\"twitter:label1\" content=\"Gesch\u00e4tzte Lesezeit\" \/>\n\t<meta name=\"twitter:data1\" content=\"1 Minute\" \/>\n<script type=\"application\/ld+json\" class=\"yoast-schema-graph\">{\"@context\":\"https:\/\/schema.org\",\"@graph\":[{\"@type\":\"WebSite\",\"@id\":\"https:\/\/www.red-on-line.com\/#website\",\"url\":\"https:\/\/www.red-on-line.com\/\",\"name\":\"Red On line (COM)\",\"description\":\"Un site utilisant Les sites de Red On Line\",\"potentialAction\":[{\"@type\":\"SearchAction\",\"target\":{\"@type\":\"EntryPoint\",\"urlTemplate\":\"https:\/\/www.red-on-line.com\/?s={search_term_string}\"},\"query-input\":\"required name=search_term_string\"}],\"inLanguage\":\"de-DE\"},{\"@type\":\"WebPage\",\"@id\":\"https:\/\/www.red-on-line.com\/de\/karriere\/initiativbewerbung\/#webpage\",\"url\":\"https:\/\/www.red-on-line.com\/de\/karriere\/initiativbewerbung\/\",\"name\":\"Initiativbewerbung - Red-on-line\",\"isPartOf\":{\"@id\":\"https:\/\/www.red-on-line.com\/#website\"},\"datePublished\":\"2022-09-19T14:34:33+00:00\",\"dateModified\":\"2023-06-26T15:27:08+00:00\",\"description\":\"Als wachsendes Unternehmen sind wir immer auf der Suche nach Expertinnen und Experten auf verschiedensten Gebieten. Bewerben Sie sich jetzt!\",\"breadcrumb\":{\"@id\":\"https:\/\/www.red-on-line.com\/de\/karriere\/initiativbewerbung\/#breadcrumb\"},\"inLanguage\":\"de-DE\",\"potentialAction\":[{\"@type\":\"ReadAction\",\"target\":[\"https:\/\/www.red-on-line.com\/de\/karriere\/initiativbewerbung\/\"]}]},{\"@type\":\"BreadcrumbList\",\"@id\":\"https:\/\/www.red-on-line.com\/de\/karriere\/initiativbewerbung\/#breadcrumb\",\"itemListElement\":[{\"@type\":\"ListItem\",\"position\":1,\"name\":\"Home\",\"item\":\"https:\/\/www.red-on-line.com\/de\/\"},{\"@type\":\"ListItem\",\"position\":2,\"name\":\"Karriere\",\"item\":\"https:\/\/www.red-on-line.com\/de\/karriere\/\"},{\"@type\":\"ListItem\",\"position\":3,\"name\":\"Initiativbewerbung\"}]}]}<\/script>\n<!-- \/ Yoast SEO plugin. -->","yoast_head_json":{"title":"Initiativbewerbung - Red-on-line","description":"Als wachsendes Unternehmen sind wir immer auf der Suche nach Expertinnen und Experten auf verschiedensten Gebieten. Bewerben Sie sich jetzt!","robots":{"index":"index","follow":"follow","max-snippet":"max-snippet:-1","max-image-preview":"max-image-preview:large","max-video-preview":"max-video-preview:-1"},"canonical":"https:\/\/www.red-on-line.com\/de\/karriere\/initiativbewerbung\/","og_locale":"de_DE","og_type":"article","og_title":"Initiativbewerbung - Red-on-line","og_description":"Als wachsendes Unternehmen sind wir immer auf der Suche nach Expertinnen und Experten auf verschiedensten Gebieten. Bewerben Sie sich jetzt!","og_url":"https:\/\/www.red-on-line.com\/de\/karriere\/initiativbewerbung\/","og_site_name":"Red On line (COM)","article_modified_time":"2023-06-26T15:27:08+00:00","twitter_card":"summary_large_image","twitter_misc":{"Gesch\u00e4tzte Lesezeit":"1 Minute"},"schema":{"@context":"https:\/\/schema.org","@graph":[{"@type":"WebSite","@id":"https:\/\/www.red-on-line.com\/#website","url":"https:\/\/www.red-on-line.com\/","name":"Red On line (COM)","description":"Un site utilisant Les sites de Red On Line","potentialAction":[{"@type":"SearchAction","target":{"@type":"EntryPoint","urlTemplate":"https:\/\/www.red-on-line.com\/?s={search_term_string}"},"query-input":"required name=search_term_string"}],"inLanguage":"de-DE"},{"@type":"WebPage","@id":"https:\/\/www.red-on-line.com\/de\/karriere\/initiativbewerbung\/#webpage","url":"https:\/\/www.red-on-line.com\/de\/karriere\/initiativbewerbung\/","name":"Initiativbewerbung - Red-on-line","isPartOf":{"@id":"https:\/\/www.red-on-line.com\/#website"},"datePublished":"2022-09-19T14:34:33+00:00","dateModified":"2023-06-26T15:27:08+00:00","description":"Als wachsendes Unternehmen sind wir immer auf der Suche nach Expertinnen und Experten auf verschiedensten Gebieten. Bewerben Sie sich jetzt!","breadcrumb":{"@id":"https:\/\/www.red-on-line.com\/de\/karriere\/initiativbewerbung\/#breadcrumb"},"inLanguage":"de-DE","potentialAction":[{"@type":"ReadAction","target":["https:\/\/www.red-on-line.com\/de\/karriere\/initiativbewerbung\/"]}]},{"@type":"BreadcrumbList","@id":"https:\/\/www.red-on-line.com\/de\/karriere\/initiativbewerbung\/#breadcrumb","itemListElement":[{"@type":"ListItem","position":1,"name":"Home","item":"https:\/\/www.red-on-line.com\/de\/"},{"@type":"ListItem","position":2,"name":"Karriere","item":"https:\/\/www.red-on-line.com\/de\/karriere\/"},{"@type":"ListItem","position":3,"name":"Initiativbewerbung"}]}]}},"_links":{"self":[{"href":"https:\/\/www.red-on-line.com\/de\/wp-json\/wp\/v2\/pages\/15943"}],"collection":[{"href":"https:\/\/www.red-on-line.com\/de\/wp-json\/wp\/v2\/pages"}],"about":[{"href":"https:\/\/www.red-on-line.com\/de\/wp-json\/wp\/v2\/types\/page"}],"author":[{"embeddable":true,"href":"https:\/\/www.red-on-line.com\/de\/wp-json\/wp\/v2\/users\/1"}],"replies":[{"embeddable":true,"href":"https:\/\/www.red-on-line.com\/de\/wp-json\/wp\/v2\/comments?post=15943"}],"version-history":[{"count":11,"href":"https:\/\/www.red-on-line.com\/de\/wp-json\/wp\/v2\/pages\/15943\/revisions"}],"predecessor-version":[{"id":17617,"href":"https:\/\/www.red-on-line.com\/de\/wp-json\/wp\/v2\/pages\/15943\/revisions\/17617"}],"up":[{"embeddable":true,"href":"https:\/\/www.red-on-line.com\/de\/wp-json\/wp\/v2\/pages\/15938"}],"wp:attachment":[{"href":"https:\/\/www.red-on-line.com\/de\/wp-json\/wp\/v2\/media?parent=15943"}],"curies":[{"name":"wp","href":"https:\/\/api.w.org\/{rel}","templated":true}]}}